{"id":471,"date":"2021-10-02T23:27:15","date_gmt":"2021-10-03T04:27:15","guid":{"rendered":"http:\/\/dicion.com\/?page_id=471"},"modified":"2021-10-07T12:26:44","modified_gmt":"2021-10-07T17:26:44","slug":"busqueda-de-trabajo","status":"publish","type":"page","link":"http:\/\/dicion.com\/?page_id=471","title":{"rendered":"Busqueda de talento"},"content":{"rendered":"\t\t<div data-elementor-type=\"wp-page\" data-elementor-id=\"471\" class=\"elementor elementor-471\" data-elementor-post-type=\"page\">\n\t\t\t\t\t\t<section class=\"elementor-section elementor-top-section elementor-element elementor-element-8546747 elementor-section-height-min-height elementor-section-boxed elementor-section-height-default elementor-section-items-middle\" data-id=\"8546747\" data-element_type=\"section\" data-settings=\"{&quot;background_background&quot;:&quot;classic&quot;}\">\n\t\t\t\t\t\t\t<div class=\"elementor-background-overlay\"><\/div>\n\t\t\t\t\t\t\t<div class=\"elementor-container elementor-column-gap-default\">\n\t\t\t\t\t<div class=\"elementor-column elementor-col-100 elementor-top-column elementor-element elementor-element-d705e4c\" data-id=\"d705e4c\" data-element_type=\"column\">\n\t\t\t<div class=\"elementor-widget-wrap elementor-element-populated\">\n\t\t\t\t\t\t<div class=\"elementor-element elementor-element-76b26e5 elementor-widget elementor-widget-heading\" data-id=\"76b26e5\" data-element_type=\"widget\" data-widget_type=\"heading.default\">\n\t\t\t\t<div class=\"elementor-widget-container\">\n\t\t\t\t\t<h2 class=\"elementor-heading-title elementor-size-default\">B\u00fasqueda de talento<\/h2>\t\t\t\t<\/div>\n\t\t\t\t<\/div>\n\t\t\t\t\t<\/div>\n\t\t<\/div>\n\t\t\t\t\t<\/div>\n\t\t<\/section>\n\t\t\t\t<section class=\"elementor-section elementor-top-section elementor-element elementor-element-512e631 elementor-section-boxed elementor-section-height-default elementor-section-height-default\" data-id=\"512e631\" data-element_type=\"section\">\n\t\t\t\t\t\t<div class=\"elementor-container elementor-column-gap-default\">\n\t\t\t\t\t<div class=\"elementor-column elementor-col-100 elementor-top-column elementor-element elementor-element-d50378f\" data-id=\"d50378f\" data-element_type=\"column\">\n\t\t\t<div class=\"elementor-widget-wrap elementor-element-populated\">\n\t\t\t\t\t\t<div class=\"elementor-element elementor-element-9204a05 elementor-widget elementor-widget-text-editor\" data-id=\"9204a05\" data-element_type=\"widget\" data-widget_type=\"text-editor.default\">\n\t\t\t\t<div class=\"elementor-widget-container\">\n\t\t\t\t\t\t\t\t\t<p>Si est\u00e1 buscando personal para que soporte su operaci\u00f3n en SAP y quiere dejar de depender de la consultor\u00eda externa, nosotros podemos ayudarlo. Tenemos una amplia cartera de consultores SAP en todas las disciplinas, en todo momento mantenemos la confidencialidad de su empresa y solo le ofrecemos las personas que cumplan el 100% las necesidades manifestadas.<\/p>\t\t\t\t\t\t\t\t<\/div>\n\t\t\t\t<\/div>\n\t\t\t\t\t<\/div>\n\t\t<\/div>\n\t\t\t\t\t<\/div>\n\t\t<\/section>\n\t\t\t\t<section class=\"elementor-section elementor-top-section elementor-element elementor-element-8152641 elementor-section-boxed elementor-section-height-default elementor-section-height-default\" data-id=\"8152641\" data-element_type=\"section\">\n\t\t\t\t\t\t<div class=\"elementor-container elementor-column-gap-default\">\n\t\t\t\t\t<div class=\"elementor-column elementor-col-100 elementor-top-column elementor-element elementor-element-d33f221\" data-id=\"d33f221\" data-element_type=\"column\">\n\t\t\t<div class=\"elementor-widget-wrap elementor-element-populated\">\n\t\t\t\t\t\t<div class=\"elementor-element elementor-element-792ea08 elementor-widget elementor-widget-image\" data-id=\"792ea08\" data-element_type=\"widget\" data-widget_type=\"image.default\">\n\t\t\t\t<div class=\"elementor-widget-container\">\n\t\t\t\t\t\t\t\t\t\t\t\t\t\t\t<img fetchpriority=\"high\" decoding=\"async\" width=\"720\" height=\"210\" src=\"http:\/\/dicion.com\/wp-content\/uploads\/2021\/10\/Entrevistas.jpg\" class=\"attachment-large size-large wp-image-488\" alt=\"\" \/>\t\t\t\t\t\t\t\t\t\t\t\t\t\t\t<\/div>\n\t\t\t\t<\/div>\n\t\t\t\t\t<\/div>\n\t\t<\/div>\n\t\t\t\t\t<\/div>\n\t\t<\/section>\n\t\t\t\t<\/div>\n\t\t","protected":false},"excerpt":{"rendered":"<p>B\u00fasqueda de talento Si est\u00e1 buscando personal para que soporte su operaci\u00f3n en SAP y quiere dejar de depender de la consultor\u00eda externa, nosotros podemos ayudarlo. Tenemos una amplia cartera de consultores SAP en todas las disciplinas, en todo momento mantenemos la confidencialidad de su empresa y solo le ofrecemos las personas que cumplan el [&hellip;]<\/p>\n","protected":false},"author":1,"featured_media":0,"parent":0,"menu_order":0,"comment_status":"closed","ping_status":"closed","template":"elementor_header_footer","meta":{"footnotes":""},"class_list":["post-471","page","type-page","status-publish","hentry"],"_links":{"self":[{"href":"http:\/\/dicion.com\/index.php?rest_route=\/wp\/v2\/pages\/471","targetHints":{"allow":["GET"]}}],"collection":[{"href":"http:\/\/dicion.com\/index.php?rest_route=\/wp\/v2\/pages"}],"about":[{"href":"http:\/\/dicion.com\/index.php?rest_route=\/wp\/v2\/types\/page"}],"author":[{"embeddable":true,"href":"http:\/\/dicion.com\/index.php?rest_route=\/wp\/v2\/users\/1"}],"replies":[{"embeddable":true,"href":"http:\/\/dicion.com\/index.php?rest_route=%2Fwp%2Fv2%2Fcomments&post=471"}],"version-history":[{"count":50,"href":"http:\/\/dicion.com\/index.php?rest_route=\/wp\/v2\/pages\/471\/revisions"}],"predecessor-version":[{"id":1747,"href":"http:\/\/dicion.com\/index.php?rest_route=\/wp\/v2\/pages\/471\/revisions\/1747"}],"wp:attachment":[{"href":"http:\/\/dicion.com\/index.php?rest_route=%2Fwp%2Fv2%2Fmedia&parent=471"}],"curies":[{"name":"wp","href":"https:\/\/api.w.org\/{rel}","templated":true}]}}