{"id":466,"date":"2021-10-02T23:21:39","date_gmt":"2021-10-03T04:21:39","guid":{"rendered":"http:\/\/dicion.com\/?page_id=466"},"modified":"2021-10-07T12:33:58","modified_gmt":"2021-10-07T17:33:58","slug":"consultoria","status":"publish","type":"page","link":"http:\/\/dicion.com\/?page_id=466","title":{"rendered":"Consultor\u00eda"},"content":{"rendered":"\t\t<div data-elementor-type=\"wp-page\" data-elementor-id=\"466\" class=\"elementor elementor-466\" data-elementor-post-type=\"page\">\n\t\t\t\t\t\t<section class=\"elementor-section elementor-top-section elementor-element elementor-element-8546747 elementor-section-height-min-height elementor-section-boxed elementor-section-height-default elementor-section-items-middle\" data-id=\"8546747\" data-element_type=\"section\" data-settings=\"{&quot;background_background&quot;:&quot;classic&quot;}\">\n\t\t\t\t\t\t\t<div class=\"elementor-background-overlay\"><\/div>\n\t\t\t\t\t\t\t<div class=\"elementor-container elementor-column-gap-default\">\n\t\t\t\t\t<div class=\"elementor-column elementor-col-100 elementor-top-column elementor-element elementor-element-d705e4c\" data-id=\"d705e4c\" data-element_type=\"column\">\n\t\t\t<div class=\"elementor-widget-wrap elementor-element-populated\">\n\t\t\t\t\t\t<div class=\"elementor-element elementor-element-76b26e5 elementor-widget elementor-widget-heading\" data-id=\"76b26e5\" data-element_type=\"widget\" data-widget_type=\"heading.default\">\n\t\t\t\t<div class=\"elementor-widget-container\">\n\t\t\t\t\t<h2 class=\"elementor-heading-title elementor-size-default\">Consultor\u00eda<\/h2>\t\t\t\t<\/div>\n\t\t\t\t<\/div>\n\t\t\t\t\t<\/div>\n\t\t<\/div>\n\t\t\t\t\t<\/div>\n\t\t<\/section>\n\t\t\t\t<section class=\"elementor-section elementor-top-section elementor-element elementor-element-8af9a5e elementor-section-boxed elementor-section-height-default elementor-section-height-default\" data-id=\"8af9a5e\" data-element_type=\"section\">\n\t\t\t\t\t\t<div class=\"elementor-container elementor-column-gap-default\">\n\t\t\t\t\t<div class=\"elementor-column elementor-col-100 elementor-top-column elementor-element elementor-element-1a8c4fa\" data-id=\"1a8c4fa\" data-element_type=\"column\">\n\t\t\t<div class=\"elementor-widget-wrap elementor-element-populated\">\n\t\t\t\t\t\t<div class=\"elementor-element elementor-element-a3b2e45 elementor-tabs-view-horizontal elementor-widget elementor-widget-tabs\" data-id=\"a3b2e45\" data-element_type=\"widget\" data-widget_type=\"tabs.default\">\n\t\t\t\t<div class=\"elementor-widget-container\">\n\t\t\t\t\t\t\t<div class=\"elementor-tabs\">\n\t\t\t<div class=\"elementor-tabs-wrapper\" role=\"tablist\" >\n\t\t\t\t\t\t\t\t\t<div id=\"elementor-tab-title-1711\" class=\"elementor-tab-title elementor-tab-desktop-title\" aria-selected=\"true\" data-tab=\"1\" role=\"tab\" tabindex=\"0\" aria-controls=\"elementor-tab-content-1711\" aria-expanded=\"false\">Implementaci\u00f3n<\/div>\n\t\t\t\t\t\t\t\t\t<div id=\"elementor-tab-title-1712\" class=\"elementor-tab-title elementor-tab-desktop-title\" aria-selected=\"false\" data-tab=\"2\" role=\"tab\" tabindex=\"-1\" aria-controls=\"elementor-tab-content-1712\" aria-expanded=\"false\">Upgrades<\/div>\n\t\t\t\t\t\t\t\t\t<div id=\"elementor-tab-title-1713\" class=\"elementor-tab-title elementor-tab-desktop-title\" aria-selected=\"false\" data-tab=\"3\" role=\"tab\" tabindex=\"-1\" aria-controls=\"elementor-tab-content-1713\" aria-expanded=\"false\">Tiempo y materiales<\/div>\n\t\t\t\t\t\t\t<\/div>\n\t\t\t<div class=\"elementor-tabs-content-wrapper\" role=\"tablist\" aria-orientation=\"vertical\">\n\t\t\t\t\t\t\t\t\t<div class=\"elementor-tab-title elementor-tab-mobile-title\" aria-selected=\"true\" data-tab=\"1\" role=\"tab\" tabindex=\"0\" aria-controls=\"elementor-tab-content-1711\" aria-expanded=\"false\">Implementaci\u00f3n<\/div>\n\t\t\t\t\t<div id=\"elementor-tab-content-1711\" class=\"elementor-tab-content elementor-clearfix\" data-tab=\"1\" role=\"tabpanel\" aria-labelledby=\"elementor-tab-title-1711\" tabindex=\"0\" hidden=\"false\"><p style=\"text-align: justify;\">Es claro que su empresa es l\u00edder y opera exitosamente, pero aun as\u00ed, sabe, que se necesita ese extra para seguir ah\u00ed.<\/p>\n<p style=\"text-align: justify;\">Perm\u00edtanos mostrarle lo que puede hacer SAP en su compa\u00f1\u00eda, y ha hecho, en otras empresas para llegar a nuevos objetivos, en conjunto, con nuestras habilidades. La implementaci\u00f3n de SAP es la respuesta a su necesidades actuales y futuras. DICION ejecuta estas actividades utilizando la metodolog\u00eda ASAP que permite integraciones en tiempos razonables y con inversiones accesibles.<\/p>\n\n<img fetchpriority=\"high\" decoding=\"async\" class=\"size-full wp-image-504 alignleft\" src=\"http:\/\/dicion.com\/wp-content\/uploads\/2021\/10\/sepa1.jpg\" alt=\"\" width=\"455\" height=\"334\" \/> <img decoding=\"async\" class=\"size-full wp-image-505 alignright\" src=\"http:\/\/dicion.com\/wp-content\/uploads\/2021\/10\/sepa2.jpg\" alt=\"\" width=\"307\" height=\"210\" \/><\/div>\n\t\t\t\t\t\t\t\t\t<div class=\"elementor-tab-title elementor-tab-mobile-title\" aria-selected=\"false\" data-tab=\"2\" role=\"tab\" tabindex=\"-1\" aria-controls=\"elementor-tab-content-1712\" aria-expanded=\"false\">Upgrades<\/div>\n\t\t\t\t\t<div id=\"elementor-tab-content-1712\" class=\"elementor-tab-content elementor-clearfix\" data-tab=\"2\" role=\"tabpanel\" aria-labelledby=\"elementor-tab-title-1712\" tabindex=\"0\" hidden=\"hidden\"><p style=\"text-align: justify;\">SAP realiza importantes esfuerzos para mejorar su sistema y crea constantemente nuevas soluciones para industrias espec\u00edficas. Aqu\u00ed es donde toma relevancia el esfuerzo de actualizar su plataforma de TI.<\/p><p><strong>DICION permite esta actualizaci\u00f3n de una manera suave, y sin impacto operativo, para que su empresa siga siendo l\u00edder en su industria.<\/strong><\/p><p>\u00a0<\/p><p><img decoding=\"async\" class=\"size-full wp-image-506 aligncenter\" src=\"http:\/\/dicion.com\/wp-content\/uploads\/2021\/10\/algo.jpg\" alt=\"\" width=\"648\" height=\"360\" \/><\/p><\/div>\n\t\t\t\t\t\t\t\t\t<div class=\"elementor-tab-title elementor-tab-mobile-title\" aria-selected=\"false\" data-tab=\"3\" role=\"tab\" tabindex=\"-1\" aria-controls=\"elementor-tab-content-1713\" aria-expanded=\"false\">Tiempo y materiales<\/div>\n\t\t\t\t\t<div id=\"elementor-tab-content-1713\" class=\"elementor-tab-content elementor-clearfix\" data-tab=\"3\" role=\"tabpanel\" aria-labelledby=\"elementor-tab-title-1713\" tabindex=\"0\" hidden=\"hidden\"><p style=\"text-align: justify;\">A pesar de tener personal entrenado, \u00bfnecesita cubrir nuevas necesidades, realizar esfuerzos adicionales para desarrollar o crecer nuevas funcionalidades de SAP?\u00a0DICION puede ayudarle. Le asignamos consultores cualificados en el m\u00f3dulo que usted requiera, por el tiempo que los necesite, y sin tener que preocuparse por la b\u00fasqueda de ese talento; nosotros lo tenemos, adem\u00e1s de que contamos, en conjunto, con el respaldo de m\u00e1s de 100 a\u00f1os hombre experiencia en nuestros consultores. <\/p>\n\n<img loading=\"lazy\" decoding=\"async\" class=\"size-full wp-image-507 aligncenter\" src=\"http:\/\/dicion.com\/wp-content\/uploads\/2021\/10\/tiempoymateriales.jpg\" alt=\"\" width=\"560\" height=\"348\" \/><\/div>\n\t\t\t\t\t\t\t<\/div>\n\t\t<\/div>\n\t\t\t\t\t\t<\/div>\n\t\t\t\t<\/div>\n\t\t\t\t\t<\/div>\n\t\t<\/div>\n\t\t\t\t\t<\/div>\n\t\t<\/section>\n\t\t\t\t<\/div>\n\t\t","protected":false},"excerpt":{"rendered":"<p>Consultor\u00eda Implementaci\u00f3n Upgrades Tiempo y materiales Implementaci\u00f3n Es claro que su empresa es l\u00edder y opera exitosamente, pero aun as\u00ed, sabe, que se necesita ese extra para seguir ah\u00ed. Perm\u00edtanos mostrarle lo que puede hacer SAP en su compa\u00f1\u00eda, y ha hecho, en otras empresas para llegar a nuevos objetivos, en conjunto, con nuestras habilidades. [&hellip;]<\/p>\n","protected":false},"author":1,"featured_media":0,"parent":0,"menu_order":0,"comment_status":"closed","ping_status":"closed","template":"elementor_header_footer","meta":{"footnotes":""},"class_list":["post-466","page","type-page","status-publish","hentry"],"_links":{"self":[{"href":"http:\/\/dicion.com\/index.php?rest_route=\/wp\/v2\/pages\/466","targetHints":{"allow":["GET"]}}],"collection":[{"href":"http:\/\/dicion.com\/index.php?rest_route=\/wp\/v2\/pages"}],"about":[{"href":"http:\/\/dicion.com\/index.php?rest_route=\/wp\/v2\/types\/page"}],"author":[{"embeddable":true,"href":"http:\/\/dicion.com\/index.php?rest_route=\/wp\/v2\/users\/1"}],"replies":[{"embeddable":true,"href":"http:\/\/dicion.com\/index.php?rest_route=%2Fwp%2Fv2%2Fcomments&post=466"}],"version-history":[{"count":197,"href":"http:\/\/dicion.com\/index.php?rest_route=\/wp\/v2\/pages\/466\/revisions"}],"predecessor-version":[{"id":1765,"href":"http:\/\/dicion.com\/index.php?rest_route=\/wp\/v2\/pages\/466\/revisions\/1765"}],"wp:attachment":[{"href":"http:\/\/dicion.com\/index.php?rest_route=%2Fwp%2Fv2%2Fmedia&parent=466"}],"curies":[{"name":"wp","href":"https:\/\/api.w.org\/{rel}","templated":true}]}}