{"id":1593,"date":"2021-10-06T22:17:47","date_gmt":"2021-10-07T03:17:47","guid":{"rendered":"http:\/\/dicion.com\/?page_id=1593"},"modified":"2021-10-07T13:16:04","modified_gmt":"2021-10-07T18:16:04","slug":"soluciones-propias","status":"publish","type":"page","link":"http:\/\/dicion.com\/?page_id=1593","title":{"rendered":"Soluciones propias"},"content":{"rendered":"\t\t<div data-elementor-type=\"wp-page\" data-elementor-id=\"1593\" class=\"elementor elementor-1593\" data-elementor-post-type=\"page\">\n\t\t\t\t\t\t<section class=\"elementor-section elementor-top-section elementor-element elementor-element-8546747 elementor-section-height-min-height elementor-section-boxed elementor-section-height-default elementor-section-items-middle\" data-id=\"8546747\" data-element_type=\"section\" data-settings=\"{&quot;background_background&quot;:&quot;classic&quot;}\">\n\t\t\t\t\t\t\t<div class=\"elementor-background-overlay\"><\/div>\n\t\t\t\t\t\t\t<div class=\"elementor-container elementor-column-gap-default\">\n\t\t\t\t\t<div class=\"elementor-column elementor-col-100 elementor-top-column elementor-element elementor-element-d705e4c\" data-id=\"d705e4c\" data-element_type=\"column\">\n\t\t\t<div class=\"elementor-widget-wrap elementor-element-populated\">\n\t\t\t\t\t\t<div class=\"elementor-element elementor-element-76b26e5 elementor-widget elementor-widget-heading\" data-id=\"76b26e5\" data-element_type=\"widget\" data-widget_type=\"heading.default\">\n\t\t\t\t<div class=\"elementor-widget-container\">\n\t\t\t\t\t<h2 class=\"elementor-heading-title elementor-size-default\">Soluciones propietarias<\/h2>\t\t\t\t<\/div>\n\t\t\t\t<\/div>\n\t\t\t\t\t<\/div>\n\t\t<\/div>\n\t\t\t\t\t<\/div>\n\t\t<\/section>\n\t\t\t\t<section class=\"elementor-section elementor-top-section elementor-element elementor-element-512e631 elementor-section-boxed elementor-section-height-default elementor-section-height-default\" data-id=\"512e631\" data-element_type=\"section\">\n\t\t\t\t\t\t<div class=\"elementor-container elementor-column-gap-default\">\n\t\t\t\t\t<div class=\"elementor-column elementor-col-100 elementor-top-column elementor-element elementor-element-d50378f\" data-id=\"d50378f\" data-element_type=\"column\">\n\t\t\t<div class=\"elementor-widget-wrap elementor-element-populated\">\n\t\t\t\t\t\t<div class=\"elementor-element elementor-element-9204a05 elementor-widget elementor-widget-text-editor\" data-id=\"9204a05\" data-element_type=\"widget\" data-widget_type=\"text-editor.default\">\n\t\t\t\t<div class=\"elementor-widget-container\">\n\t\t\t\t\t\t\t\t\t<p>DICION ha creado soluciones propias para atender los requerimientos del mercado, estas soluciones se han enfocado en el tema fiscal, siempre en el entendido, que este tema es medular para la sana operaci\u00f3n de las empresas.<\/p><p>Basados en ese pensamiento y contando con consultores con conocimientos fiscales, contables y administrativos, hemos desarrollado las siguientes soluciones :<\/p>\t\t\t\t\t\t\t\t<\/div>\n\t\t\t\t<\/div>\n\t\t\t\t\t<\/div>\n\t\t<\/div>\n\t\t\t\t\t<\/div>\n\t\t<\/section>\n\t\t\t\t<section class=\"elementor-section elementor-top-section elementor-element elementor-element-8152641 elementor-section-boxed elementor-section-height-default elementor-section-height-default\" data-id=\"8152641\" data-element_type=\"section\">\n\t\t\t\t\t\t<div class=\"elementor-container elementor-column-gap-default\">\n\t\t\t\t\t<div class=\"elementor-column elementor-col-50 elementor-top-column elementor-element elementor-element-d33f221\" data-id=\"d33f221\" data-element_type=\"column\">\n\t\t\t<div class=\"elementor-widget-wrap elementor-element-populated\">\n\t\t\t\t\t\t<div class=\"elementor-element elementor-element-17c25c3 elementor-widget elementor-widget-text-editor\" data-id=\"17c25c3\" data-element_type=\"widget\" data-widget_type=\"text-editor.default\">\n\t\t\t\t<div class=\"elementor-widget-container\">\n\t\t\t\t\t\t\t\t\t<p><strong>Contabilidad electr\u00f3nica<br \/><\/strong><\/p><ul><li>No invasiva, no requiere configuraci\u00f3n adicional a la ya existente en Finanzas y costos<\/li><li>Generaci\u00f3n de archivos adicionales a los que la soluci\u00f3n est\u00e1ndar de SAP proporciona<\/li><li>Reportes interactivos para su uso en el d\u00eda a d\u00eda<\/li><li>R\u00e1pida implementaci\u00f3n<\/li><\/ul>\t\t\t\t\t\t\t\t<\/div>\n\t\t\t\t<\/div>\n\t\t\t\t\t<\/div>\n\t\t<\/div>\n\t\t\t\t<div class=\"elementor-column elementor-col-50 elementor-top-column elementor-element elementor-element-b079557\" data-id=\"b079557\" data-element_type=\"column\">\n\t\t\t<div class=\"elementor-widget-wrap elementor-element-populated\">\n\t\t\t\t\t\t<div class=\"elementor-element elementor-element-08b641a elementor-widget elementor-widget-text-editor\" data-id=\"08b641a\" data-element_type=\"widget\" data-widget_type=\"text-editor.default\">\n\t\t\t\t<div class=\"elementor-widget-container\">\n\t\t\t\t\t\t\t\t\t<p><strong>Facturaci\u00f3n electr\u00f3nica<\/strong><\/p><ul><li>Usando la soluci\u00f3n integrada en SAP<\/li><li>Interactuando con un PAC<\/li><\/ul>\t\t\t\t\t\t\t\t<\/div>\n\t\t\t\t<\/div>\n\t\t\t\t\t<\/div>\n\t\t<\/div>\n\t\t\t\t\t<\/div>\n\t\t<\/section>\n\t\t\t\t<section class=\"elementor-section elementor-top-section elementor-element elementor-element-23e6608 elementor-section-boxed elementor-section-height-default elementor-section-height-default\" data-id=\"23e6608\" data-element_type=\"section\">\n\t\t\t\t\t\t<div class=\"elementor-container elementor-column-gap-default\">\n\t\t\t\t\t<div class=\"elementor-column elementor-col-50 elementor-top-column elementor-element elementor-element-d0bbd4d\" data-id=\"d0bbd4d\" data-element_type=\"column\">\n\t\t\t<div class=\"elementor-widget-wrap elementor-element-populated\">\n\t\t\t\t\t\t<div class=\"elementor-element elementor-element-1c5d50b elementor-widget elementor-widget-text-editor\" data-id=\"1c5d50b\" data-element_type=\"widget\" data-widget_type=\"text-editor.default\">\n\t\t\t\t<div class=\"elementor-widget-container\">\n\t\t\t\t\t\t\t\t\t<div id=\"TXTOBJ7DA751E41A3A1861\"><p><strong>Portal<br \/><\/strong><\/p><ul><li>Seguridad en la comunicaci\u00f3n<\/li><li>Recepci\u00f3n de factura y su validaci\u00f3n en Compras para su aceptaci\u00f3n<\/li><li>Verificaci\u00f3n de CFDI en el SAT<\/li><li>Recepci\u00f3n de Complementos de pago<\/li><\/ul><\/div>\t\t\t\t\t\t\t\t<\/div>\n\t\t\t\t<\/div>\n\t\t\t\t\t<\/div>\n\t\t<\/div>\n\t\t\t\t<div class=\"elementor-column elementor-col-50 elementor-top-column elementor-element elementor-element-e775c71\" data-id=\"e775c71\" data-element_type=\"column\">\n\t\t\t<div class=\"elementor-widget-wrap elementor-element-populated\">\n\t\t\t\t\t\t\t<\/div>\n\t\t<\/div>\n\t\t\t\t\t<\/div>\n\t\t<\/section>\n\t\t\t\t<\/div>\n\t\t","protected":false},"excerpt":{"rendered":"<p>Soluciones propietarias DICION ha creado soluciones propias para atender los requerimientos del mercado, estas soluciones se han enfocado en el tema fiscal, siempre en el entendido, que este tema es medular para la sana operaci\u00f3n de las empresas. Basados en ese pensamiento y contando con consultores con conocimientos fiscales, contables y administrativos, hemos desarrollado las [&hellip;]<\/p>\n","protected":false},"author":1,"featured_media":0,"parent":0,"menu_order":0,"comment_status":"closed","ping_status":"closed","template":"elementor_header_footer","meta":{"footnotes":""},"class_list":["post-1593","page","type-page","status-publish","hentry"],"_links":{"self":[{"href":"http:\/\/dicion.com\/index.php?rest_route=\/wp\/v2\/pages\/1593","targetHints":{"allow":["GET"]}}],"collection":[{"href":"http:\/\/dicion.com\/index.php?rest_route=\/wp\/v2\/pages"}],"about":[{"href":"http:\/\/dicion.com\/index.php?rest_route=\/wp\/v2\/types\/page"}],"author":[{"embeddable":true,"href":"http:\/\/dicion.com\/index.php?rest_route=\/wp\/v2\/users\/1"}],"replies":[{"embeddable":true,"href":"http:\/\/dicion.com\/index.php?rest_route=%2Fwp%2Fv2%2Fcomments&post=1593"}],"version-history":[{"count":113,"href":"http:\/\/dicion.com\/index.php?rest_route=\/wp\/v2\/pages\/1593\/revisions"}],"predecessor-version":[{"id":1830,"href":"http:\/\/dicion.com\/index.php?rest_route=\/wp\/v2\/pages\/1593\/revisions\/1830"}],"wp:attachment":[{"href":"http:\/\/dicion.com\/index.php?rest_route=%2Fwp%2Fv2%2Fmedia&parent=1593"}],"curies":[{"name":"wp","href":"https:\/\/api.w.org\/{rel}","templated":true}]}}